{"id":29780,"date":"2025-10-12T15:39:06","date_gmt":"2025-10-12T13:39:06","guid":{"rendered":"https:\/\/www.egeplast.de\/produktfinder-2\/"},"modified":"2025-12-13T15:24:58","modified_gmt":"2025-12-13T14:24:58","slug":"produktfinder","status":"publish","type":"page","link":"https:\/\/www.egeplast.de\/sv\/produktfinder\/","title":{"rendered":"Produktfinder"},"content":{"rendered":"","protected":false},"excerpt":{"rendered":"","protected":false},"author":1,"featured_media":0,"parent":0,"menu_order":0,"comment_status":"closed","ping_status":"closed","template":"","meta":{"_acf_changed":false,"_seopress_robots_primary_cat":"","_seopress_titles_title":"Produktfinder f\u00f6r r\u00f6rsystem %%sep%% %%sitetitle%%","_seopress_titles_desc":"Hitta r\u00e4tt r\u00f6rsystem med egeplast Produktfinder. \u2713 Svara p\u00e5 fr\u00e5gor \u2713 F\u00e5 passande r\u00f6r \u2713 Enkelt & snabbt \u2794 Anv\u00e4nd nu!","_seopress_robots_index":"","_relevanssi_hide_post":"","_relevanssi_hide_content":"","_relevanssi_pin_for_all":"","_relevanssi_pin_keywords":"","_relevanssi_unpin_keywords":"","_relevanssi_related_keywords":"","_relevanssi_related_include_ids":"","_relevanssi_related_exclude_ids":"","_relevanssi_related_no_append":"","_relevanssi_related_not_related":"","_relevanssi_related_posts":"","_relevanssi_noindex_reason":"","footnotes":""},"class_list":["post-29780","page","type-page","status-publish","hentry"],"acf":[],"_links":{"self":[{"href":"https:\/\/www.egeplast.de\/sv\/wp-json\/wp\/v2\/pages\/29780","targetHints":{"allow":["GET"]}}],"collection":[{"href":"https:\/\/www.egeplast.de\/sv\/wp-json\/wp\/v2\/pages"}],"about":[{"href":"https:\/\/www.egeplast.de\/sv\/wp-json\/wp\/v2\/types\/page"}],"author":[{"embeddable":true,"href":"https:\/\/www.egeplast.de\/sv\/wp-json\/wp\/v2\/users\/1"}],"replies":[{"embeddable":true,"href":"https:\/\/www.egeplast.de\/sv\/wp-json\/wp\/v2\/comments?post=29780"}],"version-history":[{"count":1,"href":"https:\/\/www.egeplast.de\/sv\/wp-json\/wp\/v2\/pages\/29780\/revisions"}],"predecessor-version":[{"id":29798,"href":"https:\/\/www.egeplast.de\/sv\/wp-json\/wp\/v2\/pages\/29780\/revisions\/29798"}],"wp:attachment":[{"href":"https:\/\/www.egeplast.de\/sv\/wp-json\/wp\/v2\/media?parent=29780"}],"curies":[{"name":"wp","href":"https:\/\/api.w.org\/{rel}","templated":true}]}}