{"id":20923,"date":"2025-09-30T16:47:38","date_gmt":"2025-09-30T14:47:38","guid":{"rendered":"https:\/\/www.egeplast.de\/gruvdrift\/"},"modified":"2026-01-29T14:04:45","modified_gmt":"2026-01-29T13:04:45","slug":"gruvdrift","status":"publish","type":"page","link":"https:\/\/www.egeplast.de\/sv\/gruvdrift\/","title":{"rendered":"Gruvdrift"},"content":{"rendered":"","protected":false},"excerpt":{"rendered":"","protected":false},"author":1,"featured_media":0,"parent":0,"menu_order":0,"comment_status":"closed","ping_status":"closed","template":"","meta":{"_acf_changed":false,"_seopress_robots_primary_cat":"","_seopress_titles_title":"R\u00f6rsystem f\u00f6r gruvdrift %%sep%% %%sitetitle%%","_seopress_titles_desc":"Satsa p\u00e5 egeplast r\u00f6rsystem f\u00f6r gruvdrift: \u2713 Slitstarka \u2713 Korrosionsbest\u00e4ndiga \u2713 Avledning av statisk elektricitet \u2794 L\u00e4s mer nu!","_seopress_robots_index":"","_relevanssi_hide_post":"","_relevanssi_hide_content":"","_relevanssi_pin_for_all":"","_relevanssi_pin_keywords":"","_relevanssi_unpin_keywords":"","_relevanssi_related_keywords":"","_relevanssi_related_include_ids":"","_relevanssi_related_exclude_ids":"","_relevanssi_related_no_append":"","_relevanssi_related_not_related":"","_relevanssi_related_posts":"","_relevanssi_noindex_reason":"","footnotes":""},"class_list":["post-20923","page","type-page","status-publish","hentry"],"acf":[],"_links":{"self":[{"href":"https:\/\/www.egeplast.de\/sv\/wp-json\/wp\/v2\/pages\/20923","targetHints":{"allow":["GET"]}}],"collection":[{"href":"https:\/\/www.egeplast.de\/sv\/wp-json\/wp\/v2\/pages"}],"about":[{"href":"https:\/\/www.egeplast.de\/sv\/wp-json\/wp\/v2\/types\/page"}],"author":[{"embeddable":true,"href":"https:\/\/www.egeplast.de\/sv\/wp-json\/wp\/v2\/users\/1"}],"replies":[{"embeddable":true,"href":"https:\/\/www.egeplast.de\/sv\/wp-json\/wp\/v2\/comments?post=20923"}],"version-history":[{"count":1,"href":"https:\/\/www.egeplast.de\/sv\/wp-json\/wp\/v2\/pages\/20923\/revisions"}],"predecessor-version":[{"id":35917,"href":"https:\/\/www.egeplast.de\/sv\/wp-json\/wp\/v2\/pages\/20923\/revisions\/35917"}],"wp:attachment":[{"href":"https:\/\/www.egeplast.de\/sv\/wp-json\/wp\/v2\/media?parent=20923"}],"curies":[{"name":"wp","href":"https:\/\/api.w.org\/{rel}","templated":true}]}}