{"id":20477,"date":"2025-10-08T19:44:05","date_gmt":"2025-10-08T17:44:05","guid":{"rendered":"https:\/\/www.egeplast.de\/3l-leak-control-foer-avloppsvatten\/"},"modified":"2026-04-14T20:18:18","modified_gmt":"2026-04-14T18:18:18","slug":"egesmart-leak-control-3l-for-avloppsvatten","status":"publish","type":"page","link":"https:\/\/www.egeplast.de\/sv\/egesmart-leak-control-3l-for-avloppsvatten\/","title":{"rendered":"egeSmart: Leak Control 3L f\u00f6r avloppsvatten"},"content":{"rendered":"","protected":false},"excerpt":{"rendered":"","protected":false},"author":1,"featured_media":0,"parent":0,"menu_order":0,"comment_status":"closed","ping_status":"closed","template":"","meta":{"_acf_changed":false,"_seopress_robots_primary_cat":"","_seopress_titles_title":"egeSmart: Leak Control 3L f\u00f6r avloppsvatten \u2013 s\u00e4kert & \u00f6vervakat %%sep%% %%sitetitle%%","_seopress_titles_desc":"egeSmart: Leak Control 3L-systemet f\u00f6r avloppsr\u00f6r. \u2713 S\u00e4kert vattenskydd \u2713 Permanent l\u00e4ckage\u00f6vervakning \u2713 H\u00f6gsta drifts\u00e4kerhet \u2794 Till egeplast nu! ","_seopress_robots_index":"","_relevanssi_hide_post":"","_relevanssi_hide_content":"","_relevanssi_pin_for_all":"","_relevanssi_pin_keywords":"","_relevanssi_unpin_keywords":"","_relevanssi_related_keywords":"","_relevanssi_related_include_ids":"","_relevanssi_related_exclude_ids":"","_relevanssi_related_no_append":"","_relevanssi_related_not_related":"","_relevanssi_related_posts":"","_relevanssi_noindex_reason":"","footnotes":""},"class_list":["post-20477","page","type-page","status-publish","hentry"],"acf":[],"_links":{"self":[{"href":"https:\/\/www.egeplast.de\/sv\/wp-json\/wp\/v2\/pages\/20477","targetHints":{"allow":["GET"]}}],"collection":[{"href":"https:\/\/www.egeplast.de\/sv\/wp-json\/wp\/v2\/pages"}],"about":[{"href":"https:\/\/www.egeplast.de\/sv\/wp-json\/wp\/v2\/types\/page"}],"author":[{"embeddable":true,"href":"https:\/\/www.egeplast.de\/sv\/wp-json\/wp\/v2\/users\/1"}],"replies":[{"embeddable":true,"href":"https:\/\/www.egeplast.de\/sv\/wp-json\/wp\/v2\/comments?post=20477"}],"version-history":[{"count":2,"href":"https:\/\/www.egeplast.de\/sv\/wp-json\/wp\/v2\/pages\/20477\/revisions"}],"predecessor-version":[{"id":49447,"href":"https:\/\/www.egeplast.de\/sv\/wp-json\/wp\/v2\/pages\/20477\/revisions\/49447"}],"wp:attachment":[{"href":"https:\/\/www.egeplast.de\/sv\/wp-json\/wp\/v2\/media?parent=20477"}],"curies":[{"name":"wp","href":"https:\/\/api.w.org\/{rel}","templated":true}]}}