{"id":20389,"date":"2025-10-30T13:46:28","date_gmt":"2025-10-30T12:46:28","guid":{"rendered":"https:\/\/www.egeplast.de\/polypropylen-foerdelar-i-oeversikt\/"},"modified":"2026-01-29T14:03:47","modified_gmt":"2026-01-29T13:03:47","slug":"polypropylen-foerdelar-i-oeversikt","status":"publish","type":"page","link":"https:\/\/www.egeplast.de\/sv\/polypropylen-foerdelar-i-oeversikt\/","title":{"rendered":"Polypropylen: F\u00f6rdelar i \u00f6versikt"},"content":{"rendered":"","protected":false},"excerpt":{"rendered":"","protected":false},"author":1,"featured_media":0,"parent":0,"menu_order":0,"comment_status":"closed","ping_status":"closed","template":"","meta":{"_acf_changed":false,"_seopress_robots_primary_cat":"","_seopress_titles_title":"Polypropylen \u2013 F\u00f6rdelaktiga egenskaper %%sep%% %%sitetitle%%","_seopress_titles_desc":"Polypropen \u2013 F\u00f6rdelarna med detta material och dess sammans\u00e4ttning | egeplast. L\u00e4s mer h\u00e4r! ","_seopress_robots_index":"","_relevanssi_hide_post":"","_relevanssi_hide_content":"","_relevanssi_pin_for_all":"","_relevanssi_pin_keywords":"","_relevanssi_unpin_keywords":"","_relevanssi_related_keywords":"","_relevanssi_related_include_ids":"","_relevanssi_related_exclude_ids":"","_relevanssi_related_no_append":"","_relevanssi_related_not_related":"","_relevanssi_related_posts":"","_relevanssi_noindex_reason":"","footnotes":""},"class_list":["post-20389","page","type-page","status-publish","hentry"],"acf":[],"_links":{"self":[{"href":"https:\/\/www.egeplast.de\/sv\/wp-json\/wp\/v2\/pages\/20389","targetHints":{"allow":["GET"]}}],"collection":[{"href":"https:\/\/www.egeplast.de\/sv\/wp-json\/wp\/v2\/pages"}],"about":[{"href":"https:\/\/www.egeplast.de\/sv\/wp-json\/wp\/v2\/types\/page"}],"author":[{"embeddable":true,"href":"https:\/\/www.egeplast.de\/sv\/wp-json\/wp\/v2\/users\/1"}],"replies":[{"embeddable":true,"href":"https:\/\/www.egeplast.de\/sv\/wp-json\/wp\/v2\/comments?post=20389"}],"version-history":[{"count":1,"href":"https:\/\/www.egeplast.de\/sv\/wp-json\/wp\/v2\/pages\/20389\/revisions"}],"predecessor-version":[{"id":35812,"href":"https:\/\/www.egeplast.de\/sv\/wp-json\/wp\/v2\/pages\/20389\/revisions\/35812"}],"wp:attachment":[{"href":"https:\/\/www.egeplast.de\/sv\/wp-json\/wp\/v2\/media?parent=20389"}],"curies":[{"name":"wp","href":"https:\/\/api.w.org\/{rel}","templated":true}]}}