{"id":27854,"date":"2025-09-02T20:26:02","date_gmt":"2025-09-02T18:26:02","guid":{"rendered":"https:\/\/www.egeplast.de\/tubo-de-barreira-sla\/"},"modified":"2026-04-14T20:18:31","modified_gmt":"2026-04-14T18:18:31","slug":"barrier-pipe-sla","status":"publish","type":"page","link":"https:\/\/www.egeplast.de\/pt-pt\/barrier-pipe-sla\/","title":{"rendered":"Barrier Pipe SLA"},"content":{"rendered":"","protected":false},"excerpt":{"rendered":"","protected":false},"author":1,"featured_media":0,"parent":0,"menu_order":0,"comment_status":"closed","ping_status":"closed","template":"","meta":{"_acf_changed":false,"_seopress_robots_primary_cat":"","_seopress_titles_title":"Barrier Pipe SLA\u00ae para prote\u00e7\u00e3o da \u00e1gua pot\u00e1vel e do ambiente %%sep%% %%sitetitle%%","_seopress_titles_desc":"Barrier Pipe SLA\u00ae: solu\u00e7\u00e3o de sistema de tubagens em polietileno para prote\u00e7\u00e3o da \u00e1gua pot\u00e1vel e do ambiente | Permeationsdicht & detet\u00e1vel - Informe-se aqui!","_seopress_robots_index":"","_relevanssi_hide_post":"","_relevanssi_hide_content":"","_relevanssi_pin_for_all":"","_relevanssi_pin_keywords":"","_relevanssi_unpin_keywords":"","_relevanssi_related_keywords":"","_relevanssi_related_include_ids":"","_relevanssi_related_exclude_ids":"","_relevanssi_related_no_append":"","_relevanssi_related_not_related":"","_relevanssi_related_posts":"","_relevanssi_noindex_reason":"","footnotes":""},"class_list":["post-27854","page","type-page","status-publish","hentry"],"acf":[],"_links":{"self":[{"href":"https:\/\/www.egeplast.de\/pt-pt\/wp-json\/wp\/v2\/pages\/27854","targetHints":{"allow":["GET"]}}],"collection":[{"href":"https:\/\/www.egeplast.de\/pt-pt\/wp-json\/wp\/v2\/pages"}],"about":[{"href":"https:\/\/www.egeplast.de\/pt-pt\/wp-json\/wp\/v2\/types\/page"}],"author":[{"embeddable":true,"href":"https:\/\/www.egeplast.de\/pt-pt\/wp-json\/wp\/v2\/users\/1"}],"replies":[{"embeddable":true,"href":"https:\/\/www.egeplast.de\/pt-pt\/wp-json\/wp\/v2\/comments?post=27854"}],"version-history":[{"count":2,"href":"https:\/\/www.egeplast.de\/pt-pt\/wp-json\/wp\/v2\/pages\/27854\/revisions"}],"predecessor-version":[{"id":49399,"href":"https:\/\/www.egeplast.de\/pt-pt\/wp-json\/wp\/v2\/pages\/27854\/revisions\/49399"}],"wp:attachment":[{"href":"https:\/\/www.egeplast.de\/pt-pt\/wp-json\/wp\/v2\/media?parent=27854"}],"curies":[{"name":"wp","href":"https:\/\/api.w.org\/{rel}","templated":true}]}}