{"id":24800,"date":"2025-10-14T17:36:57","date_gmt":"2025-10-14T15:36:57","guid":{"rendered":"https:\/\/www.egeplast.de\/relatorios-de-projetos\/"},"modified":"2026-02-12T10:43:13","modified_gmt":"2026-02-12T09:43:13","slug":"relatorios-de-projetos","status":"publish","type":"page","link":"https:\/\/www.egeplast.de\/pt-pt\/centro-de-descargas\/relatorios-de-projetos\/","title":{"rendered":"Relat\u00f3rios de projetos"},"content":{"rendered":"","protected":false},"excerpt":{"rendered":"","protected":false},"author":1,"featured_media":0,"parent":30102,"menu_order":0,"comment_status":"closed","ping_status":"closed","template":"","meta":{"_acf_changed":false,"_seopress_robots_primary_cat":"","_seopress_titles_title":"Relat\u00f3rios de projetos %%sep%% %%sitetitle%%","_seopress_titles_desc":"Descubra os relat\u00f3rios de projetos da egeplast: \u2713 Exemplos pr\u00e1ticos \u2713 V\u00e1rias aplica\u00e7\u00f5es \u2713 Desafios & solu\u00e7\u00f5es \u2713 Projetos bem-sucedidos \u2794 Leia agora!","_seopress_robots_index":"","_relevanssi_hide_post":"","_relevanssi_hide_content":"","_relevanssi_pin_for_all":"","_relevanssi_pin_keywords":"","_relevanssi_unpin_keywords":"","_relevanssi_related_keywords":"","_relevanssi_related_include_ids":"","_relevanssi_related_exclude_ids":"","_relevanssi_related_no_append":"","_relevanssi_related_not_related":"","_relevanssi_related_posts":"","_relevanssi_noindex_reason":"","footnotes":""},"class_list":["post-24800","page","type-page","status-publish","hentry"],"acf":[],"_links":{"self":[{"href":"https:\/\/www.egeplast.de\/pt-pt\/wp-json\/wp\/v2\/pages\/24800","targetHints":{"allow":["GET"]}}],"collection":[{"href":"https:\/\/www.egeplast.de\/pt-pt\/wp-json\/wp\/v2\/pages"}],"about":[{"href":"https:\/\/www.egeplast.de\/pt-pt\/wp-json\/wp\/v2\/types\/page"}],"author":[{"embeddable":true,"href":"https:\/\/www.egeplast.de\/pt-pt\/wp-json\/wp\/v2\/users\/1"}],"replies":[{"embeddable":true,"href":"https:\/\/www.egeplast.de\/pt-pt\/wp-json\/wp\/v2\/comments?post=24800"}],"version-history":[{"count":1,"href":"https:\/\/www.egeplast.de\/pt-pt\/wp-json\/wp\/v2\/pages\/24800\/revisions"}],"predecessor-version":[{"id":29584,"href":"https:\/\/www.egeplast.de\/pt-pt\/wp-json\/wp\/v2\/pages\/24800\/revisions\/29584"}],"up":[{"embeddable":true,"href":"https:\/\/www.egeplast.de\/pt-pt\/wp-json\/wp\/v2\/pages\/30102"}],"wp:attachment":[{"href":"https:\/\/www.egeplast.de\/pt-pt\/wp-json\/wp\/v2\/media?parent=24800"}],"curies":[{"name":"wp","href":"https:\/\/api.w.org\/{rel}","templated":true}]}}