{"id":24544,"date":"2025-10-30T13:56:18","date_gmt":"2025-10-30T12:56:18","guid":{"rendered":"https:\/\/www.egeplast.de\/polietileno-100-anos-de-vida-util\/"},"modified":"2026-01-29T14:08:29","modified_gmt":"2026-01-29T13:08:29","slug":"polietileno-100-anos-de-vida-util","status":"publish","type":"page","link":"https:\/\/www.egeplast.de\/pt-pt\/polietileno-100-anos-de-vida-util\/","title":{"rendered":"Polietileno: 100 anos de vida \u00fatil"},"content":{"rendered":"","protected":false},"excerpt":{"rendered":"","protected":false},"author":1,"featured_media":0,"parent":0,"menu_order":0,"comment_status":"closed","ping_status":"closed","template":"","meta":{"_acf_changed":false,"_seopress_robots_primary_cat":"","_seopress_titles_title":"Requisitos para polietileno %%sep%% %%sitetitle%%","_seopress_titles_desc":"Os tubos de polietileno cumprem os requisitos das redes de distribui\u00e7\u00e3o e recolha, bem como das telecomunica\u00e7\u00f5es. Informe-se agora! ","_seopress_robots_index":"","_relevanssi_hide_post":"","_relevanssi_hide_content":"","_relevanssi_pin_for_all":"","_relevanssi_pin_keywords":"","_relevanssi_unpin_keywords":"","_relevanssi_related_keywords":"","_relevanssi_related_include_ids":"","_relevanssi_related_exclude_ids":"","_relevanssi_related_no_append":"","_relevanssi_related_not_related":"","_relevanssi_related_posts":"","_relevanssi_noindex_reason":"","footnotes":""},"class_list":["post-24544","page","type-page","status-publish","hentry"],"acf":[],"_links":{"self":[{"href":"https:\/\/www.egeplast.de\/pt-pt\/wp-json\/wp\/v2\/pages\/24544","targetHints":{"allow":["GET"]}}],"collection":[{"href":"https:\/\/www.egeplast.de\/pt-pt\/wp-json\/wp\/v2\/pages"}],"about":[{"href":"https:\/\/www.egeplast.de\/pt-pt\/wp-json\/wp\/v2\/types\/page"}],"author":[{"embeddable":true,"href":"https:\/\/www.egeplast.de\/pt-pt\/wp-json\/wp\/v2\/users\/1"}],"replies":[{"embeddable":true,"href":"https:\/\/www.egeplast.de\/pt-pt\/wp-json\/wp\/v2\/comments?post=24544"}],"version-history":[{"count":1,"href":"https:\/\/www.egeplast.de\/pt-pt\/wp-json\/wp\/v2\/pages\/24544\/revisions"}],"predecessor-version":[{"id":36256,"href":"https:\/\/www.egeplast.de\/pt-pt\/wp-json\/wp\/v2\/pages\/24544\/revisions\/36256"}],"wp:attachment":[{"href":"https:\/\/www.egeplast.de\/pt-pt\/wp-json\/wp\/v2\/media?parent=24544"}],"curies":[{"name":"wp","href":"https:\/\/api.w.org\/{rel}","templated":true}]}}