{"id":30162,"date":"2025-09-15T23:05:10","date_gmt":"2025-09-15T21:05:10","guid":{"rendered":"https:\/\/www.egeplast.de\/seminaria-i-webinary\/"},"modified":"2026-03-27T13:21:22","modified_gmt":"2026-03-27T12:21:22","slug":"seminaria-i-webinary","status":"publish","type":"page","link":"https:\/\/www.egeplast.de\/pl\/seminaria-i-webinary\/","title":{"rendered":"Seminaria i webinary"},"content":{"rendered":"","protected":false},"excerpt":{"rendered":"","protected":false},"author":1,"featured_media":0,"parent":0,"menu_order":0,"comment_status":"closed","ping_status":"closed","template":"","meta":{"_acf_changed":false,"_seopress_robots_primary_cat":"","_seopress_titles_title":"Seminaria i webinary \u2013 technologia ruroci\u0105g\u00f3w %%sep%% %%sitetitle%%","_seopress_titles_desc":"Strona rezerwacji seminarium. Wybierz z poni\u017cszej listy wydarze\u0144 preferowane seminarium | egeplast. Zarejestruj si\u0119 teraz!  ","_seopress_robots_index":"","_relevanssi_hide_post":"","_relevanssi_hide_content":"","_relevanssi_pin_for_all":"","_relevanssi_pin_keywords":"","_relevanssi_unpin_keywords":"","_relevanssi_related_keywords":"","_relevanssi_related_include_ids":"","_relevanssi_related_exclude_ids":"","_relevanssi_related_no_append":"","_relevanssi_related_not_related":"","_relevanssi_related_posts":"","_relevanssi_noindex_reason":"","footnotes":""},"class_list":["post-30162","page","type-page","status-publish","hentry"],"acf":[],"_links":{"self":[{"href":"https:\/\/www.egeplast.de\/pl\/wp-json\/wp\/v2\/pages\/30162","targetHints":{"allow":["GET"]}}],"collection":[{"href":"https:\/\/www.egeplast.de\/pl\/wp-json\/wp\/v2\/pages"}],"about":[{"href":"https:\/\/www.egeplast.de\/pl\/wp-json\/wp\/v2\/types\/page"}],"author":[{"embeddable":true,"href":"https:\/\/www.egeplast.de\/pl\/wp-json\/wp\/v2\/users\/1"}],"replies":[{"embeddable":true,"href":"https:\/\/www.egeplast.de\/pl\/wp-json\/wp\/v2\/comments?post=30162"}],"version-history":[{"count":1,"href":"https:\/\/www.egeplast.de\/pl\/wp-json\/wp\/v2\/pages\/30162\/revisions"}],"predecessor-version":[{"id":35622,"href":"https:\/\/www.egeplast.de\/pl\/wp-json\/wp\/v2\/pages\/30162\/revisions\/35622"}],"wp:attachment":[{"href":"https:\/\/www.egeplast.de\/pl\/wp-json\/wp\/v2\/media?parent=30162"}],"curies":[{"name":"wp","href":"https:\/\/api.w.org\/{rel}","templated":true}]}}