{"id":27689,"date":"2025-09-10T15:10:33","date_gmt":"2025-09-10T13:10:33","guid":{"rendered":"https:\/\/www.egeplast.de\/zrownowazony-rozwoj\/"},"modified":"2026-04-01T11:09:02","modified_gmt":"2026-04-01T09:09:02","slug":"zrownowazony-rozwoj","status":"publish","type":"page","link":"https:\/\/www.egeplast.de\/pl\/zrownowazony-rozwoj\/","title":{"rendered":"Zr\u00f3wnowa\u017cony rozw\u00f3j"},"content":{"rendered":"","protected":false},"excerpt":{"rendered":"","protected":false},"author":1,"featured_media":0,"parent":0,"menu_order":0,"comment_status":"closed","ping_status":"closed","template":"","meta":{"_acf_changed":false,"_seopress_robots_primary_cat":"","_seopress_titles_title":"Zarz\u0105dzanie \u015brodowiskowe Produkcja rur PE %%sep%% %%sitetitle%%","_seopress_titles_desc":"egeplast czuje si\u0119 odpowiedzialna wobec \u015brodowiska i bardzo anga\u017cuje si\u0119 w przyjazn\u0105 dla \u015brodowiska produkcj\u0119 system\u00f3w rurowych. Przeczytaj tutaj! ","_seopress_robots_index":"","_relevanssi_hide_post":"","_relevanssi_hide_content":"","_relevanssi_pin_for_all":"","_relevanssi_pin_keywords":"","_relevanssi_unpin_keywords":"","_relevanssi_related_keywords":"","_relevanssi_related_include_ids":"","_relevanssi_related_exclude_ids":"","_relevanssi_related_no_append":"","_relevanssi_related_not_related":"","_relevanssi_related_posts":"","_relevanssi_noindex_reason":"","footnotes":""},"class_list":["post-27689","page","type-page","status-publish","hentry"],"acf":[],"_links":{"self":[{"href":"https:\/\/www.egeplast.de\/pl\/wp-json\/wp\/v2\/pages\/27689","targetHints":{"allow":["GET"]}}],"collection":[{"href":"https:\/\/www.egeplast.de\/pl\/wp-json\/wp\/v2\/pages"}],"about":[{"href":"https:\/\/www.egeplast.de\/pl\/wp-json\/wp\/v2\/types\/page"}],"author":[{"embeddable":true,"href":"https:\/\/www.egeplast.de\/pl\/wp-json\/wp\/v2\/users\/1"}],"replies":[{"embeddable":true,"href":"https:\/\/www.egeplast.de\/pl\/wp-json\/wp\/v2\/comments?post=27689"}],"version-history":[{"count":1,"href":"https:\/\/www.egeplast.de\/pl\/wp-json\/wp\/v2\/pages\/27689\/revisions"}],"predecessor-version":[{"id":30003,"href":"https:\/\/www.egeplast.de\/pl\/wp-json\/wp\/v2\/pages\/27689\/revisions\/30003"}],"wp:attachment":[{"href":"https:\/\/www.egeplast.de\/pl\/wp-json\/wp\/v2\/media?parent=27689"}],"curies":[{"name":"wp","href":"https:\/\/api.w.org\/{rel}","templated":true}]}}