{"id":27071,"date":"2025-09-30T13:42:41","date_gmt":"2025-09-30T11:42:41","guid":{"rendered":"https:\/\/www.egeplast.de\/rury-oslonowe-do-kabli-dla-infrastruktury-telekomunikacyjnej\/"},"modified":"2026-02-02T22:03:53","modified_gmt":"2026-02-02T21:03:53","slug":"rury-oslonowe-do-kabli-dla-infrastruktury-telekomunikacyjnej","status":"publish","type":"page","link":"https:\/\/www.egeplast.de\/pl\/rury-oslonowe-do-kabli-dla-infrastruktury-telekomunikacyjnej\/","title":{"rendered":"Rury os\u0142onowe do kabli dla infrastruktury telekomunikacyjnej"},"content":{"rendered":"","protected":false},"excerpt":{"rendered":"","protected":false},"author":1,"featured_media":0,"parent":0,"menu_order":0,"comment_status":"closed","ping_status":"closed","template":"","meta":{"_acf_changed":false,"_seopress_robots_primary_cat":"","_seopress_titles_title":"Rury PE Telekomunikacja & Rozbudowa sieci szerokopasmowych %%sep%% %%sitetitle%%","_seopress_titles_desc":"Systemy rur PE do kabli telekomunikacyjnych: \u2713 Konfekcjonowanie wi\u0105zek rur r\u00f3wnie\u017c do bezwykopowych metod Verlegung \u2713 Backbone do FTTH \u2794 Teraz do egeplast!","_seopress_robots_index":"","_relevanssi_hide_post":"","_relevanssi_hide_content":"","_relevanssi_pin_for_all":"","_relevanssi_pin_keywords":"","_relevanssi_unpin_keywords":"","_relevanssi_related_keywords":"","_relevanssi_related_include_ids":"","_relevanssi_related_exclude_ids":"","_relevanssi_related_no_append":"","_relevanssi_related_not_related":"","_relevanssi_related_posts":"","_relevanssi_noindex_reason":"","footnotes":""},"class_list":["post-27071","page","type-page","status-publish","hentry"],"acf":[],"_links":{"self":[{"href":"https:\/\/www.egeplast.de\/pl\/wp-json\/wp\/v2\/pages\/27071","targetHints":{"allow":["GET"]}}],"collection":[{"href":"https:\/\/www.egeplast.de\/pl\/wp-json\/wp\/v2\/pages"}],"about":[{"href":"https:\/\/www.egeplast.de\/pl\/wp-json\/wp\/v2\/types\/page"}],"author":[{"embeddable":true,"href":"https:\/\/www.egeplast.de\/pl\/wp-json\/wp\/v2\/users\/1"}],"replies":[{"embeddable":true,"href":"https:\/\/www.egeplast.de\/pl\/wp-json\/wp\/v2\/comments?post=27071"}],"version-history":[{"count":1,"href":"https:\/\/www.egeplast.de\/pl\/wp-json\/wp\/v2\/pages\/27071\/revisions"}],"predecessor-version":[{"id":36968,"href":"https:\/\/www.egeplast.de\/pl\/wp-json\/wp\/v2\/pages\/27071\/revisions\/36968"}],"wp:attachment":[{"href":"https:\/\/www.egeplast.de\/pl\/wp-json\/wp\/v2\/media?parent=27071"}],"curies":[{"name":"wp","href":"https:\/\/api.w.org\/{rel}","templated":true}]}}