{"id":26899,"date":"2025-09-29T17:24:41","date_gmt":"2025-09-29T15:24:41","guid":{"rendered":"https:\/\/www.egeplast.de\/metody-verlegung-w-budowie-rurociagow\/"},"modified":"2026-02-02T22:07:19","modified_gmt":"2026-02-02T21:07:19","slug":"metody-verlegung-w-budowie-rurociagow","status":"publish","type":"page","link":"https:\/\/www.egeplast.de\/pl\/metody-verlegung-w-budowie-rurociagow\/","title":{"rendered":"Metody Verlegung w budowie ruroci\u0105g\u00f3w"},"content":{"rendered":"","protected":false},"excerpt":{"rendered":"","protected":false},"author":1,"featured_media":0,"parent":0,"menu_order":0,"comment_status":"closed","ping_status":"closed","template":"","meta":{"_acf_changed":false,"_seopress_robots_primary_cat":"","_seopress_titles_title":"Metody Verlegung w budowie ruroci\u0105g\u00f3w %%sep%% %%sitetitle%%","_seopress_titles_desc":"Przegl\u0105d metod Verlegung egeplast: \u2713 Budowa otwarta \u2713 Techniki bezwykopowe \u2713 Renowacja i nowa Verlegung \u2713 Ekonomicznie i bezpiecznie \u2794 Znajd\u017a odpowiedni\u0105 metod\u0119!","_seopress_robots_index":"","_relevanssi_hide_post":"","_relevanssi_hide_content":"","_relevanssi_pin_for_all":"","_relevanssi_pin_keywords":"","_relevanssi_unpin_keywords":"","_relevanssi_related_keywords":"","_relevanssi_related_include_ids":"","_relevanssi_related_exclude_ids":"","_relevanssi_related_no_append":"","_relevanssi_related_not_related":"","_relevanssi_related_posts":"","_relevanssi_noindex_reason":"","footnotes":""},"class_list":["post-26899","page","type-page","status-publish","hentry"],"acf":[],"_links":{"self":[{"href":"https:\/\/www.egeplast.de\/pl\/wp-json\/wp\/v2\/pages\/26899","targetHints":{"allow":["GET"]}}],"collection":[{"href":"https:\/\/www.egeplast.de\/pl\/wp-json\/wp\/v2\/pages"}],"about":[{"href":"https:\/\/www.egeplast.de\/pl\/wp-json\/wp\/v2\/types\/page"}],"author":[{"embeddable":true,"href":"https:\/\/www.egeplast.de\/pl\/wp-json\/wp\/v2\/users\/1"}],"replies":[{"embeddable":true,"href":"https:\/\/www.egeplast.de\/pl\/wp-json\/wp\/v2\/comments?post=26899"}],"version-history":[{"count":1,"href":"https:\/\/www.egeplast.de\/pl\/wp-json\/wp\/v2\/pages\/26899\/revisions"}],"predecessor-version":[{"id":30195,"href":"https:\/\/www.egeplast.de\/pl\/wp-json\/wp\/v2\/pages\/26899\/revisions\/30195"}],"wp:attachment":[{"href":"https:\/\/www.egeplast.de\/pl\/wp-json\/wp\/v2\/media?parent=26899"}],"curies":[{"name":"wp","href":"https:\/\/api.w.org\/{rel}","templated":true}]}}