{"id":25162,"date":"2025-10-07T15:53:33","date_gmt":"2025-10-07T13:53:33","guid":{"rendered":"https:\/\/www.egeplast.de\/microduct-egegreen-line\/"},"modified":"2025-10-07T15:53:33","modified_gmt":"2025-10-07T13:53:33","slug":"microduct-egegreen-line","status":"publish","type":"page","link":"https:\/\/www.egeplast.de\/pl\/microduct-egegreen-line\/","title":{"rendered":"Microduct egeGreen Line"},"content":{"rendered":"","protected":false},"excerpt":{"rendered":"","protected":false},"author":1,"featured_media":0,"parent":0,"menu_order":0,"comment_status":"closed","ping_status":"closed","template":"","meta":{"_acf_changed":false,"_seopress_robots_primary_cat":"","_seopress_titles_title":"Mikrokana\u0142y egeGreen Line - rury os\u0142onowe \u015bwiat\u0142owod\u00f3w %%sep%% %%sitetitle%%","_seopress_titles_desc":"Zr\u00f3wnowa\u017cona rozbudowa sieci szerokopasmowej z Microduct egeGreen Line od egeplast. \u2713 Do 100% recyklatu \u2713 Min. 50 lat \u017cywotno\u015bci \u2713 Najwy\u017csza jako\u015b\u0107 \u2794 Dowiedz si\u0119 wi\u0119cej!  ","_seopress_robots_index":"","_seopress_analysis_target_kw":"","_relevanssi_hide_post":"","_relevanssi_hide_content":"","_relevanssi_pin_for_all":"","_relevanssi_pin_keywords":"","_relevanssi_unpin_keywords":"","_relevanssi_related_keywords":"","_relevanssi_related_include_ids":"","_relevanssi_related_exclude_ids":"","_relevanssi_related_no_append":"","_relevanssi_related_not_related":"","_relevanssi_related_posts":"","_relevanssi_noindex_reason":"","footnotes":""},"class_list":["post-25162","page","type-page","status-publish","hentry"],"acf":[],"_links":{"self":[{"href":"https:\/\/www.egeplast.de\/pl\/wp-json\/wp\/v2\/pages\/25162","targetHints":{"allow":["GET"]}}],"collection":[{"href":"https:\/\/www.egeplast.de\/pl\/wp-json\/wp\/v2\/pages"}],"about":[{"href":"https:\/\/www.egeplast.de\/pl\/wp-json\/wp\/v2\/types\/page"}],"author":[{"embeddable":true,"href":"https:\/\/www.egeplast.de\/pl\/wp-json\/wp\/v2\/users\/1"}],"replies":[{"embeddable":true,"href":"https:\/\/www.egeplast.de\/pl\/wp-json\/wp\/v2\/comments?post=25162"}],"version-history":[{"count":0,"href":"https:\/\/www.egeplast.de\/pl\/wp-json\/wp\/v2\/pages\/25162\/revisions"}],"wp:attachment":[{"href":"https:\/\/www.egeplast.de\/pl\/wp-json\/wp\/v2\/media?parent=25162"}],"curies":[{"name":"wp","href":"https:\/\/api.w.org\/{rel}","templated":true}]}}