{"id":20806,"date":"2025-10-07T13:08:48","date_gmt":"2025-10-07T11:08:48","guid":{"rendered":"https:\/\/www.egeplast.de\/power-protect-pe\/"},"modified":"2026-01-29T14:03:13","modified_gmt":"2026-01-29T13:03:13","slug":"power-protect-pe","status":"publish","type":"page","link":"https:\/\/www.egeplast.de\/fr\/power-protect-pe\/","title":{"rendered":"Power Protect PE"},"content":{"rendered":"","protected":false},"excerpt":{"rendered":"","protected":false},"author":1,"featured_media":0,"parent":0,"menu_order":0,"comment_status":"closed","ping_status":"closed","template":"","meta":{"_acf_changed":false,"_seopress_robots_primary_cat":"","_seopress_titles_title":"Tube de protection Power Protect PE (Macroduct-High-T) %%sep%% %%sitetitle%%","_seopress_titles_desc":"Tubes de protection pour c\u00e2bles d'\u00e9nergie jusqu'\u00e0 110 kV : egeplast Power Protect PE. \u2713 PE-HD\/PE100 \u2713 \u00c9galement sans tranch\u00e9e \u2713 Certifi\u00e9 SKZ \u2794 D\u00e9couvrez egeplast d\u00e8s maintenant\u00a0! ","_seopress_robots_index":"","_relevanssi_hide_post":"","_relevanssi_hide_content":"","_relevanssi_pin_for_all":"","_relevanssi_pin_keywords":"","_relevanssi_unpin_keywords":"","_relevanssi_related_keywords":"","_relevanssi_related_include_ids":"","_relevanssi_related_exclude_ids":"","_relevanssi_related_no_append":"","_relevanssi_related_not_related":"","_relevanssi_related_posts":"","_relevanssi_noindex_reason":"","footnotes":""},"class_list":["post-20806","page","type-page","status-publish","hentry"],"acf":[],"_links":{"self":[{"href":"https:\/\/www.egeplast.de\/fr\/wp-json\/wp\/v2\/pages\/20806","targetHints":{"allow":["GET"]}}],"collection":[{"href":"https:\/\/www.egeplast.de\/fr\/wp-json\/wp\/v2\/pages"}],"about":[{"href":"https:\/\/www.egeplast.de\/fr\/wp-json\/wp\/v2\/types\/page"}],"author":[{"embeddable":true,"href":"https:\/\/www.egeplast.de\/fr\/wp-json\/wp\/v2\/users\/1"}],"replies":[{"embeddable":true,"href":"https:\/\/www.egeplast.de\/fr\/wp-json\/wp\/v2\/comments?post=20806"}],"version-history":[{"count":1,"href":"https:\/\/www.egeplast.de\/fr\/wp-json\/wp\/v2\/pages\/20806\/revisions"}],"predecessor-version":[{"id":35759,"href":"https:\/\/www.egeplast.de\/fr\/wp-json\/wp\/v2\/pages\/20806\/revisions\/35759"}],"wp:attachment":[{"href":"https:\/\/www.egeplast.de\/fr\/wp-json\/wp\/v2\/media?parent=20806"}],"curies":[{"name":"wp","href":"https:\/\/api.w.org\/{rel}","templated":true}]}}