{"id":20742,"date":"2025-10-02T16:01:15","date_gmt":"2025-10-02T14:01:15","guid":{"rendered":"https:\/\/www.egeplast.de\/hexelone-slm\/"},"modified":"2026-01-29T14:03:03","modified_gmt":"2026-01-29T13:03:03","slug":"hexelone-slm","status":"publish","type":"page","link":"https:\/\/www.egeplast.de\/fr\/hexelone-slm\/","title":{"rendered":"HexelOne SLM"},"content":{"rendered":"","protected":false},"excerpt":{"rendered":"","protected":false},"author":1,"featured_media":0,"parent":0,"menu_order":0,"comment_status":"closed","ping_status":"closed","template":"","meta":{"_acf_changed":false,"_seopress_robots_primary_cat":"","_seopress_titles_title":"Syst\u00e8me de tuyaux haute pression HexelOne\u00ae SLM en PE %%sep%% %%sitetitle%%","_seopress_titles_desc":"Le tube egeplast HexelOne\u00ae SLM est un tube haute pression auto-renforc\u00e9. Les syst\u00e8mes de canalisations peuvent ainsi \u00eatre utilis\u00e9s dans des plages de pression plus \u00e9lev\u00e9es\u00a0! ","_seopress_robots_index":"","_relevanssi_hide_post":"","_relevanssi_hide_content":"","_relevanssi_pin_for_all":"","_relevanssi_pin_keywords":"","_relevanssi_unpin_keywords":"","_relevanssi_related_keywords":"","_relevanssi_related_include_ids":"","_relevanssi_related_exclude_ids":"","_relevanssi_related_no_append":"","_relevanssi_related_not_related":"","_relevanssi_related_posts":"","_relevanssi_noindex_reason":"","footnotes":""},"class_list":["post-20742","page","type-page","status-publish","hentry"],"acf":[],"_links":{"self":[{"href":"https:\/\/www.egeplast.de\/fr\/wp-json\/wp\/v2\/pages\/20742","targetHints":{"allow":["GET"]}}],"collection":[{"href":"https:\/\/www.egeplast.de\/fr\/wp-json\/wp\/v2\/pages"}],"about":[{"href":"https:\/\/www.egeplast.de\/fr\/wp-json\/wp\/v2\/types\/page"}],"author":[{"embeddable":true,"href":"https:\/\/www.egeplast.de\/fr\/wp-json\/wp\/v2\/users\/1"}],"replies":[{"embeddable":true,"href":"https:\/\/www.egeplast.de\/fr\/wp-json\/wp\/v2\/comments?post=20742"}],"version-history":[{"count":1,"href":"https:\/\/www.egeplast.de\/fr\/wp-json\/wp\/v2\/pages\/20742\/revisions"}],"predecessor-version":[{"id":35745,"href":"https:\/\/www.egeplast.de\/fr\/wp-json\/wp\/v2\/pages\/20742\/revisions\/35745"}],"wp:attachment":[{"href":"https:\/\/www.egeplast.de\/fr\/wp-json\/wp\/v2\/media?parent=20742"}],"curies":[{"name":"wp","href":"https:\/\/api.w.org\/{rel}","templated":true}]}}