{"id":20519,"date":"2025-10-13T15:52:32","date_gmt":"2025-10-13T13:52:32","guid":{"rendered":"https:\/\/www.egeplast.de\/egexxl-pour-le-gaz\/"},"modified":"2026-01-29T14:03:41","modified_gmt":"2026-01-29T13:03:41","slug":"egexxl-pour-le-gaz","status":"publish","type":"page","link":"https:\/\/www.egeplast.de\/fr\/egexxl-pour-le-gaz\/","title":{"rendered":"egeXXL pour le gaz"},"content":{"rendered":"","protected":false},"excerpt":{"rendered":"","protected":false},"author":1,"featured_media":0,"parent":0,"menu_order":0,"comment_status":"closed","ping_status":"closed","template":"","meta":{"_acf_changed":false,"_seopress_robots_primary_cat":"","_seopress_titles_title":"egeXXL pour le gaz \u2013 Tuyaux de grand diam\u00e8tre jusqu'\u00e0 1600 mm %%sep%% %%sitetitle%%","_seopress_titles_desc":"Misez sur les tuyaux de gaz egeXXL jusqu'\u00e0 1600 mm\u00a0: \u2713\u00a0R\u00e9sistance \u00e0 la corrosion \u2713\u00a0Soudure s\u00e9curis\u00e9e \u2713\u00a0H2-ready \u2713\u00a0Long\u00e9vit\u00e9 \u2794\u00a0Informez-vous maintenant\u00a0!","_seopress_robots_index":"","_relevanssi_hide_post":"","_relevanssi_hide_content":"","_relevanssi_pin_for_all":"","_relevanssi_pin_keywords":"","_relevanssi_unpin_keywords":"","_relevanssi_related_keywords":"","_relevanssi_related_include_ids":"","_relevanssi_related_exclude_ids":"","_relevanssi_related_no_append":"","_relevanssi_related_not_related":"","_relevanssi_related_posts":"","_relevanssi_noindex_reason":"","footnotes":""},"class_list":["post-20519","page","type-page","status-publish","hentry"],"acf":[],"_links":{"self":[{"href":"https:\/\/www.egeplast.de\/fr\/wp-json\/wp\/v2\/pages\/20519","targetHints":{"allow":["GET"]}}],"collection":[{"href":"https:\/\/www.egeplast.de\/fr\/wp-json\/wp\/v2\/pages"}],"about":[{"href":"https:\/\/www.egeplast.de\/fr\/wp-json\/wp\/v2\/types\/page"}],"author":[{"embeddable":true,"href":"https:\/\/www.egeplast.de\/fr\/wp-json\/wp\/v2\/users\/1"}],"replies":[{"embeddable":true,"href":"https:\/\/www.egeplast.de\/fr\/wp-json\/wp\/v2\/comments?post=20519"}],"version-history":[{"count":1,"href":"https:\/\/www.egeplast.de\/fr\/wp-json\/wp\/v2\/pages\/20519\/revisions"}],"predecessor-version":[{"id":35801,"href":"https:\/\/www.egeplast.de\/fr\/wp-json\/wp\/v2\/pages\/20519\/revisions\/35801"}],"wp:attachment":[{"href":"https:\/\/www.egeplast.de\/fr\/wp-json\/wp\/v2\/media?parent=20519"}],"curies":[{"name":"wp","href":"https:\/\/api.w.org\/{rel}","templated":true}]}}