{"id":20345,"date":"2025-10-30T13:50:00","date_gmt":"2025-10-30T12:50:00","guid":{"rendered":"https:\/\/www.egeplast.de\/produits\/"},"modified":"2026-01-29T14:03:46","modified_gmt":"2026-01-29T13:03:46","slug":"produits","status":"publish","type":"page","link":"https:\/\/www.egeplast.de\/fr\/produits\/","title":{"rendered":"Produits"},"content":{"rendered":"","protected":false},"excerpt":{"rendered":"","protected":false},"author":1,"featured_media":0,"parent":0,"menu_order":0,"comment_status":"closed","ping_status":"closed","template":"","meta":{"_acf_changed":false,"_seopress_robots_primary_cat":"","_seopress_titles_title":"Tubes PE Eau potable \u2013 Syst\u00e8mes de tuyauterie s\u00fbrs de egeplast","_seopress_titles_desc":"Tubes PE Eau potable et syst\u00e8mes de tuyauterie s\u00fbrs pour B2B \u2713 \u00c9tanches \u00e0 la perm\u00e9ation \u2713 Syst\u00e8me d'alerte pr\u00e9coce \u2713 Contr\u00f4le qualit\u00e9 int\u00e9gr\u00e9 \u2794 Rendez-vous maintenant sur egeplast !","_seopress_robots_index":"","_relevanssi_hide_post":"","_relevanssi_hide_content":"","_relevanssi_pin_for_all":"","_relevanssi_pin_keywords":"","_relevanssi_unpin_keywords":"","_relevanssi_related_keywords":"","_relevanssi_related_include_ids":"","_relevanssi_related_exclude_ids":"","_relevanssi_related_no_append":"","_relevanssi_related_not_related":"","_relevanssi_related_posts":"","_relevanssi_noindex_reason":"","footnotes":""},"class_list":["post-20345","page","type-page","status-publish","hentry"],"acf":[],"_links":{"self":[{"href":"https:\/\/www.egeplast.de\/fr\/wp-json\/wp\/v2\/pages\/20345","targetHints":{"allow":["GET"]}}],"collection":[{"href":"https:\/\/www.egeplast.de\/fr\/wp-json\/wp\/v2\/pages"}],"about":[{"href":"https:\/\/www.egeplast.de\/fr\/wp-json\/wp\/v2\/types\/page"}],"author":[{"embeddable":true,"href":"https:\/\/www.egeplast.de\/fr\/wp-json\/wp\/v2\/users\/1"}],"replies":[{"embeddable":true,"href":"https:\/\/www.egeplast.de\/fr\/wp-json\/wp\/v2\/comments?post=20345"}],"version-history":[{"count":1,"href":"https:\/\/www.egeplast.de\/fr\/wp-json\/wp\/v2\/pages\/20345\/revisions"}],"predecessor-version":[{"id":35808,"href":"https:\/\/www.egeplast.de\/fr\/wp-json\/wp\/v2\/pages\/20345\/revisions\/35808"}],"wp:attachment":[{"href":"https:\/\/www.egeplast.de\/fr\/wp-json\/wp\/v2\/media?parent=20345"}],"curies":[{"name":"wp","href":"https:\/\/api.w.org\/{rel}","templated":true}]}}