{"id":27134,"date":"2025-09-29T17:24:41","date_gmt":"2025-09-29T15:24:41","guid":{"rendered":"https:\/\/www.egeplast.de\/putkistorakentamisen-asennusmenetelmaet\/"},"modified":"2026-02-02T22:07:13","modified_gmt":"2026-02-02T21:07:13","slug":"putkistorakentamisen-asennusmenetelmaet","status":"publish","type":"page","link":"https:\/\/www.egeplast.de\/fi\/putkistorakentamisen-asennusmenetelmaet\/","title":{"rendered":"Putkistorakentamisen asennusmenetelm\u00e4t"},"content":{"rendered":"","protected":false},"excerpt":{"rendered":"","protected":false},"author":1,"featured_media":0,"parent":0,"menu_order":0,"comment_status":"closed","ping_status":"closed","template":"","meta":{"_acf_changed":false,"_seopress_robots_primary_cat":"","_seopress_titles_title":"Putkistorakentamisen asennusmenetelm\u00e4t %%sep%% %%sitetitle%%","_seopress_titles_desc":"egeplastin asennusmenetelm\u00e4t yleiskatsauksessa: \u2713 Avoin rakennustapa \u2713 Kaivamattoman tekniikka \u2713 Saneeraus & uusasennus \u2713 Taloudellinen & turvallinen \u2794 L\u00f6yd\u00e4 sopiva menetelm\u00e4!","_seopress_robots_index":"","_relevanssi_hide_post":"","_relevanssi_hide_content":"","_relevanssi_pin_for_all":"","_relevanssi_pin_keywords":"","_relevanssi_unpin_keywords":"","_relevanssi_related_keywords":"","_relevanssi_related_include_ids":"","_relevanssi_related_exclude_ids":"","_relevanssi_related_no_append":"","_relevanssi_related_not_related":"","_relevanssi_related_posts":"","_relevanssi_noindex_reason":"","footnotes":""},"class_list":["post-27134","page","type-page","status-publish","hentry"],"acf":[],"_links":{"self":[{"href":"https:\/\/www.egeplast.de\/fi\/wp-json\/wp\/v2\/pages\/27134","targetHints":{"allow":["GET"]}}],"collection":[{"href":"https:\/\/www.egeplast.de\/fi\/wp-json\/wp\/v2\/pages"}],"about":[{"href":"https:\/\/www.egeplast.de\/fi\/wp-json\/wp\/v2\/types\/page"}],"author":[{"embeddable":true,"href":"https:\/\/www.egeplast.de\/fi\/wp-json\/wp\/v2\/users\/1"}],"replies":[{"embeddable":true,"href":"https:\/\/www.egeplast.de\/fi\/wp-json\/wp\/v2\/comments?post=27134"}],"version-history":[{"count":1,"href":"https:\/\/www.egeplast.de\/fi\/wp-json\/wp\/v2\/pages\/27134\/revisions"}],"predecessor-version":[{"id":30197,"href":"https:\/\/www.egeplast.de\/fi\/wp-json\/wp\/v2\/pages\/27134\/revisions\/30197"}],"wp:attachment":[{"href":"https:\/\/www.egeplast.de\/fi\/wp-json\/wp\/v2\/media?parent=27134"}],"curies":[{"name":"wp","href":"https:\/\/api.w.org\/{rel}","templated":true}]}}