{"id":24488,"date":"2025-10-30T14:26:11","date_gmt":"2025-10-30T13:26:11","guid":{"rendered":"https:\/\/www.egeplast.de\/kemikaalien-permeaatio\/"},"modified":"2026-01-29T14:08:31","modified_gmt":"2026-01-29T13:08:31","slug":"kemikaalien-permeaatio","status":"publish","type":"page","link":"https:\/\/www.egeplast.de\/fi\/kemikaalien-permeaatio\/","title":{"rendered":"Kemikaalien permeaatio"},"content":{"rendered":"","protected":false},"excerpt":{"rendered":"","protected":false},"author":1,"featured_media":0,"parent":0,"menu_order":0,"comment_status":"closed","ping_status":"closed","template":"","meta":{"_acf_changed":false,"_seopress_robots_primary_cat":"","_seopress_titles_title":"Muovit ja kemikaalien permeaatio %%sep%% %%sitetitle%%","_seopress_titles_desc":"Muovi: Kemikaalien permeaatio. Polyeteeniputket bentseeni\u00e4 sis\u00e4lt\u00e4v\u00e4n k\u00e4ytt\u00f6veden kuljetukseen | egeplast. Lue lis\u00e4\u00e4!  ","_seopress_robots_index":"","_relevanssi_hide_post":"","_relevanssi_hide_content":"","_relevanssi_pin_for_all":"","_relevanssi_pin_keywords":"","_relevanssi_unpin_keywords":"","_relevanssi_related_keywords":"","_relevanssi_related_include_ids":"","_relevanssi_related_exclude_ids":"","_relevanssi_related_no_append":"","_relevanssi_related_not_related":"","_relevanssi_related_posts":"","_relevanssi_noindex_reason":"","footnotes":""},"class_list":["post-24488","page","type-page","status-publish","hentry"],"acf":[],"_links":{"self":[{"href":"https:\/\/www.egeplast.de\/fi\/wp-json\/wp\/v2\/pages\/24488","targetHints":{"allow":["GET"]}}],"collection":[{"href":"https:\/\/www.egeplast.de\/fi\/wp-json\/wp\/v2\/pages"}],"about":[{"href":"https:\/\/www.egeplast.de\/fi\/wp-json\/wp\/v2\/types\/page"}],"author":[{"embeddable":true,"href":"https:\/\/www.egeplast.de\/fi\/wp-json\/wp\/v2\/users\/1"}],"replies":[{"embeddable":true,"href":"https:\/\/www.egeplast.de\/fi\/wp-json\/wp\/v2\/comments?post=24488"}],"version-history":[{"count":1,"href":"https:\/\/www.egeplast.de\/fi\/wp-json\/wp\/v2\/pages\/24488\/revisions"}],"predecessor-version":[{"id":36258,"href":"https:\/\/www.egeplast.de\/fi\/wp-json\/wp\/v2\/pages\/24488\/revisions\/36258"}],"wp:attachment":[{"href":"https:\/\/www.egeplast.de\/fi\/wp-json\/wp\/v2\/media?parent=24488"}],"curies":[{"name":"wp","href":"https:\/\/api.w.org\/{rel}","templated":true}]}}