{"id":27893,"date":"2025-09-02T20:26:02","date_gmt":"2025-09-02T18:26:02","guid":{"rendered":"https:\/\/www.egeplast.de\/sla-barrier-pipe\/"},"modified":"2026-04-14T20:19:21","modified_gmt":"2026-04-14T18:19:21","slug":"barrier-pipe-sla","status":"publish","type":"page","link":"https:\/\/www.egeplast.de\/da\/barrier-pipe-sla\/","title":{"rendered":"Barrier Pipe SLA"},"content":{"rendered":"","protected":false},"excerpt":{"rendered":"","protected":false},"author":1,"featured_media":0,"parent":0,"menu_order":0,"comment_status":"closed","ping_status":"closed","template":"","meta":{"_acf_changed":false,"_seopress_robots_primary_cat":"","_seopress_titles_title":"Barrier Pipe SLA\u00ae til beskyttelse af drikkevand og milj\u00f8 %%sep%% %%sitetitle%%","_seopress_titles_desc":"Barrier Pipe SLA\u00ae: R\u00f8rsysteml\u00f8sning i polyethylen til beskyttelse af drikkevand og milj\u00f8 | Permeationst\u00e6t & sporbar - F\u00e5 mere information her!","_seopress_robots_index":"","_relevanssi_hide_post":"","_relevanssi_hide_content":"","_relevanssi_pin_for_all":"","_relevanssi_pin_keywords":"","_relevanssi_unpin_keywords":"","_relevanssi_related_keywords":"","_relevanssi_related_include_ids":"","_relevanssi_related_exclude_ids":"","_relevanssi_related_no_append":"","_relevanssi_related_not_related":"","_relevanssi_related_posts":"","_relevanssi_noindex_reason":"","footnotes":""},"class_list":["post-27893","page","type-page","status-publish","hentry"],"acf":[],"_links":{"self":[{"href":"https:\/\/www.egeplast.de\/da\/wp-json\/wp\/v2\/pages\/27893","targetHints":{"allow":["GET"]}}],"collection":[{"href":"https:\/\/www.egeplast.de\/da\/wp-json\/wp\/v2\/pages"}],"about":[{"href":"https:\/\/www.egeplast.de\/da\/wp-json\/wp\/v2\/types\/page"}],"author":[{"embeddable":true,"href":"https:\/\/www.egeplast.de\/da\/wp-json\/wp\/v2\/users\/1"}],"replies":[{"embeddable":true,"href":"https:\/\/www.egeplast.de\/da\/wp-json\/wp\/v2\/comments?post=27893"}],"version-history":[{"count":2,"href":"https:\/\/www.egeplast.de\/da\/wp-json\/wp\/v2\/pages\/27893\/revisions"}],"predecessor-version":[{"id":49393,"href":"https:\/\/www.egeplast.de\/da\/wp-json\/wp\/v2\/pages\/27893\/revisions\/49393"}],"wp:attachment":[{"href":"https:\/\/www.egeplast.de\/da\/wp-json\/wp\/v2\/media?parent=27893"}],"curies":[{"name":"wp","href":"https:\/\/api.w.org\/{rel}","templated":true}]}}