{"id":26488,"date":"2025-10-05T21:08:38","date_gmt":"2025-10-05T19:08:38","guid":{"rendered":"https:\/\/www.egeplast.de\/power-protect-beskyttelsesroer\/"},"modified":"2026-02-02T22:04:16","modified_gmt":"2026-02-02T21:04:16","slug":"power-protect-beskyttelsesroer","status":"publish","type":"page","link":"https:\/\/www.egeplast.de\/da\/power-protect-beskyttelsesroer\/","title":{"rendered":"Power Protect beskyttelsesr\u00f8r"},"content":{"rendered":"","protected":false},"excerpt":{"rendered":"","protected":false},"author":1,"featured_media":0,"parent":0,"menu_order":0,"comment_status":"closed","ping_status":"closed","template":"","meta":{"_acf_changed":false,"_seopress_robots_primary_cat":"","_seopress_titles_title":"Power Protect beskyttelsesr\u00f8r til ledsagekabler %%sep%% %%sitetitle%%","_seopress_titles_desc":"egeplast Power Protect beskyttelsesr\u00f8r til kontrol-, overv\u00e5gnings- & fiberoptiske kabler. \u2713 Mekanisk beskyttelse \u2713 Tomr\u00f8r \u2713 PE-HD \u2713 Ogs\u00e5 grabenloser Verlegung \u2794 F\u00e5 mere information nu! ","_seopress_robots_index":"","_seopress_analysis_target_kw":"","_relevanssi_hide_post":"","_relevanssi_hide_content":"","_relevanssi_pin_for_all":"","_relevanssi_pin_keywords":"","_relevanssi_unpin_keywords":"","_relevanssi_related_keywords":"","_relevanssi_related_include_ids":"","_relevanssi_related_exclude_ids":"","_relevanssi_related_no_append":"","_relevanssi_related_not_related":"","_relevanssi_related_posts":"","_relevanssi_noindex_reason":"","footnotes":""},"class_list":["post-26488","page","type-page","status-publish","hentry"],"acf":[],"_links":{"self":[{"href":"https:\/\/www.egeplast.de\/da\/wp-json\/wp\/v2\/pages\/26488","targetHints":{"allow":["GET"]}}],"collection":[{"href":"https:\/\/www.egeplast.de\/da\/wp-json\/wp\/v2\/pages"}],"about":[{"href":"https:\/\/www.egeplast.de\/da\/wp-json\/wp\/v2\/types\/page"}],"author":[{"embeddable":true,"href":"https:\/\/www.egeplast.de\/da\/wp-json\/wp\/v2\/users\/1"}],"replies":[{"embeddable":true,"href":"https:\/\/www.egeplast.de\/da\/wp-json\/wp\/v2\/comments?post=26488"}],"version-history":[{"count":1,"href":"https:\/\/www.egeplast.de\/da\/wp-json\/wp\/v2\/pages\/26488\/revisions"}],"predecessor-version":[{"id":36996,"href":"https:\/\/www.egeplast.de\/da\/wp-json\/wp\/v2\/pages\/26488\/revisions\/36996"}],"wp:attachment":[{"href":"https:\/\/www.egeplast.de\/da\/wp-json\/wp\/v2\/media?parent=26488"}],"curies":[{"name":"wp","href":"https:\/\/api.w.org\/{rel}","templated":true}]}}