{"id":25785,"date":"2025-10-07T13:08:48","date_gmt":"2025-10-07T11:08:48","guid":{"rendered":"https:\/\/www.egeplast.de\/power-protect-pe\/"},"modified":"2026-02-02T22:00:54","modified_gmt":"2026-02-02T21:00:54","slug":"power-protect-pe","status":"publish","type":"page","link":"https:\/\/www.egeplast.de\/da\/power-protect-pe\/","title":{"rendered":"Power Protect PE"},"content":{"rendered":"","protected":false},"excerpt":{"rendered":"","protected":false},"author":1,"featured_media":0,"parent":0,"menu_order":0,"comment_status":"closed","ping_status":"closed","template":"","meta":{"_acf_changed":false,"_seopress_robots_primary_cat":"","_seopress_titles_title":"Power Protect PE beskyttelsesr\u00f8r (Macroduct-High-T) %%sep%% %%sitetitle%%","_seopress_titles_desc":"Beskyttelsesr\u00f8r til str\u00f8mkabler op til 110 kV: egeplast Power Protect PE. \u2713 PE-HD\/PE100 \u2713 Ogs\u00e5 gravefri \u2713 SKZ-certificeret \u2794 G\u00e5 til egeplast nu! ","_seopress_robots_index":"","_relevanssi_hide_post":"","_relevanssi_hide_content":"","_relevanssi_pin_for_all":"","_relevanssi_pin_keywords":"","_relevanssi_unpin_keywords":"","_relevanssi_related_keywords":"","_relevanssi_related_include_ids":"","_relevanssi_related_exclude_ids":"","_relevanssi_related_no_append":"","_relevanssi_related_not_related":"","_relevanssi_related_posts":"","_relevanssi_noindex_reason":"","footnotes":""},"class_list":["post-25785","page","type-page","status-publish","hentry"],"acf":[],"_links":{"self":[{"href":"https:\/\/www.egeplast.de\/da\/wp-json\/wp\/v2\/pages\/25785","targetHints":{"allow":["GET"]}}],"collection":[{"href":"https:\/\/www.egeplast.de\/da\/wp-json\/wp\/v2\/pages"}],"about":[{"href":"https:\/\/www.egeplast.de\/da\/wp-json\/wp\/v2\/types\/page"}],"author":[{"embeddable":true,"href":"https:\/\/www.egeplast.de\/da\/wp-json\/wp\/v2\/users\/1"}],"replies":[{"embeddable":true,"href":"https:\/\/www.egeplast.de\/da\/wp-json\/wp\/v2\/comments?post=25785"}],"version-history":[{"count":1,"href":"https:\/\/www.egeplast.de\/da\/wp-json\/wp\/v2\/pages\/25785\/revisions"}],"predecessor-version":[{"id":36832,"href":"https:\/\/www.egeplast.de\/da\/wp-json\/wp\/v2\/pages\/25785\/revisions\/36832"}],"wp:attachment":[{"href":"https:\/\/www.egeplast.de\/da\/wp-json\/wp\/v2\/media?parent=25785"}],"curies":[{"name":"wp","href":"https:\/\/api.w.org\/{rel}","templated":true}]}}