{"id":30151,"date":"2025-09-15T22:52:01","date_gmt":"2025-09-15T20:52:01","guid":{"rendered":"https:\/\/www.egeplast.de\/veletrhy\/"},"modified":"2026-01-29T13:46:39","modified_gmt":"2026-01-29T12:46:39","slug":"veletrhy","status":"publish","type":"page","link":"https:\/\/www.egeplast.de\/cs\/veletrhy\/","title":{"rendered":"Veletrhy"},"content":{"rendered":"","protected":false},"excerpt":{"rendered":"","protected":false},"author":1,"featured_media":0,"parent":0,"menu_order":0,"comment_status":"closed","ping_status":"closed","template":"","meta":{"_acf_changed":false,"_seopress_robots_primary_cat":"","_seopress_titles_title":"Veletrhy a term\u00edny %%sep%% %%sitetitle%%","_seopress_titles_desc":"Setkejte se se spole\u010dnost\u00ed egeplast na odborn\u00fdch veletrz\u00edch! \u2713 Aktu\u00e1ln\u00ed term\u00edny \u2713 Sjedn\u00e1n\u00ed sch\u016fzky \u2713 Za\u017eijte inovativn\u00ed potrubn\u00ed syst\u00e9my na\u017eivo \u2794 Informujte se a nav\u0161tivte n\u00e1s! ","_seopress_robots_index":"","_relevanssi_hide_post":"","_relevanssi_hide_content":"","_relevanssi_pin_for_all":"","_relevanssi_pin_keywords":"","_relevanssi_unpin_keywords":"","_relevanssi_related_keywords":"","_relevanssi_related_include_ids":"","_relevanssi_related_exclude_ids":"","_relevanssi_related_no_append":"","_relevanssi_related_not_related":"","_relevanssi_related_posts":"","_relevanssi_noindex_reason":"","footnotes":""},"class_list":["post-30151","page","type-page","status-publish","hentry"],"acf":[],"_links":{"self":[{"href":"https:\/\/www.egeplast.de\/cs\/wp-json\/wp\/v2\/pages\/30151","targetHints":{"allow":["GET"]}}],"collection":[{"href":"https:\/\/www.egeplast.de\/cs\/wp-json\/wp\/v2\/pages"}],"about":[{"href":"https:\/\/www.egeplast.de\/cs\/wp-json\/wp\/v2\/types\/page"}],"author":[{"embeddable":true,"href":"https:\/\/www.egeplast.de\/cs\/wp-json\/wp\/v2\/users\/1"}],"replies":[{"embeddable":true,"href":"https:\/\/www.egeplast.de\/cs\/wp-json\/wp\/v2\/comments?post=30151"}],"version-history":[{"count":1,"href":"https:\/\/www.egeplast.de\/cs\/wp-json\/wp\/v2\/pages\/30151\/revisions"}],"predecessor-version":[{"id":35603,"href":"https:\/\/www.egeplast.de\/cs\/wp-json\/wp\/v2\/pages\/30151\/revisions\/35603"}],"wp:attachment":[{"href":"https:\/\/www.egeplast.de\/cs\/wp-json\/wp\/v2\/media?parent=30151"}],"curies":[{"name":"wp","href":"https:\/\/api.w.org\/{rel}","templated":true}]}}