{"id":26771,"date":"2025-09-29T17:24:41","date_gmt":"2025-09-29T15:24:41","guid":{"rendered":"https:\/\/www.egeplast.de\/metody-pokladky-v-potrubnim-stavitelstvi\/"},"modified":"2026-01-26T14:08:46","modified_gmt":"2026-01-26T13:08:46","slug":"metody-pokladky-v-potrubnim-stavitelstvi","status":"publish","type":"page","link":"https:\/\/www.egeplast.de\/cs\/metody-pokladky-v-potrubnim-stavitelstvi\/","title":{"rendered":"Metody Verlegung p\u0159i stavb\u011b potrub\u00ed"},"content":{"rendered":"","protected":false},"excerpt":{"rendered":"","protected":false},"author":1,"featured_media":0,"parent":0,"menu_order":0,"comment_status":"closed","ping_status":"closed","template":"","meta":{"_acf_changed":false,"_seopress_robots_primary_cat":"","_seopress_titles_title":"Metody Verlegung p\u0159i stavb\u011b potrub\u00ed %%sep%% %%sitetitle%%","_seopress_titles_desc":"P\u0159ehled metod Verlegung od egeplast: \u2713 Otev\u0159en\u00e1 pokl\u00e1dka \u2713 Bezv\u00fdkopov\u00e9 technologie \u2713 Sanace & nov\u00e1 Verlegung \u2713 Hospod\u00e1rn\u00e9 & bezpe\u010dn\u00e9 \u2794 Najd\u011bte vhodnou metodu!","_seopress_robots_index":"","_relevanssi_hide_post":"","_relevanssi_hide_content":"","_relevanssi_pin_for_all":"","_relevanssi_pin_keywords":"","_relevanssi_unpin_keywords":"","_relevanssi_related_keywords":"","_relevanssi_related_include_ids":"","_relevanssi_related_exclude_ids":"","_relevanssi_related_no_append":"","_relevanssi_related_not_related":"","_relevanssi_related_posts":"","_relevanssi_noindex_reason":"","footnotes":""},"class_list":["post-26771","page","type-page","status-publish","hentry"],"acf":[],"_links":{"self":[{"href":"https:\/\/www.egeplast.de\/cs\/wp-json\/wp\/v2\/pages\/26771","targetHints":{"allow":["GET"]}}],"collection":[{"href":"https:\/\/www.egeplast.de\/cs\/wp-json\/wp\/v2\/pages"}],"about":[{"href":"https:\/\/www.egeplast.de\/cs\/wp-json\/wp\/v2\/types\/page"}],"author":[{"embeddable":true,"href":"https:\/\/www.egeplast.de\/cs\/wp-json\/wp\/v2\/users\/1"}],"replies":[{"embeddable":true,"href":"https:\/\/www.egeplast.de\/cs\/wp-json\/wp\/v2\/comments?post=26771"}],"version-history":[{"count":2,"href":"https:\/\/www.egeplast.de\/cs\/wp-json\/wp\/v2\/pages\/26771\/revisions"}],"predecessor-version":[{"id":35396,"href":"https:\/\/www.egeplast.de\/cs\/wp-json\/wp\/v2\/pages\/26771\/revisions\/35396"}],"wp:attachment":[{"href":"https:\/\/www.egeplast.de\/cs\/wp-json\/wp\/v2\/media?parent=26771"}],"curies":[{"name":"wp","href":"https:\/\/api.w.org\/{rel}","templated":true}]}}