{"id":25224,"date":"2025-10-08T19:31:47","date_gmt":"2025-10-08T17:31:47","guid":{"rendered":"https:\/\/www.egeplast.de\/slm-3-0-pro-plyn\/"},"modified":"2026-04-14T20:18:41","modified_gmt":"2026-04-14T18:18:41","slug":"nodig-slm-3-0-pro-plyn","status":"publish","type":"page","link":"https:\/\/www.egeplast.de\/cs\/nodig-slm-3-0-pro-plyn\/","title":{"rendered":"NoDig SLM 3.0 pro plyn"},"content":{"rendered":"","protected":false},"excerpt":{"rendered":"","protected":false},"author":1,"featured_media":0,"parent":0,"menu_order":0,"comment_status":"closed","ping_status":"closed","template":"","meta":{"_acf_changed":false,"_seopress_robots_primary_cat":"","_seopress_titles_title":"Plastov\u00e9 potrub\u00ed NoDig SLM\u00ae 3.0 pro plyn %%sep%% %%sitetitle%%","_seopress_titles_desc":"Vsa\u010fte na egeplast NoDig SLM\u00ae 3.0 pro plyn: \u2713 ochrann\u00fd pl\u00e1\u0161\u0165 \u2713 bezv\u00fdkopov\u00e1 pokl\u00e1dka \u2713 optim\u00e1ln\u00ed ochrana \u2713 H2ready \u2794 informujte se nyn\u00ed!","_seopress_robots_index":"","_relevanssi_hide_post":"","_relevanssi_hide_content":"","_relevanssi_pin_for_all":"","_relevanssi_pin_keywords":"","_relevanssi_unpin_keywords":"","_relevanssi_related_keywords":"","_relevanssi_related_include_ids":"","_relevanssi_related_exclude_ids":"","_relevanssi_related_no_append":"","_relevanssi_related_not_related":"","_relevanssi_related_posts":"","_relevanssi_noindex_reason":"","footnotes":""},"class_list":["post-25224","page","type-page","status-publish","hentry"],"acf":[],"_links":{"self":[{"href":"https:\/\/www.egeplast.de\/cs\/wp-json\/wp\/v2\/pages\/25224","targetHints":{"allow":["GET"]}}],"collection":[{"href":"https:\/\/www.egeplast.de\/cs\/wp-json\/wp\/v2\/pages"}],"about":[{"href":"https:\/\/www.egeplast.de\/cs\/wp-json\/wp\/v2\/types\/page"}],"author":[{"embeddable":true,"href":"https:\/\/www.egeplast.de\/cs\/wp-json\/wp\/v2\/users\/1"}],"replies":[{"embeddable":true,"href":"https:\/\/www.egeplast.de\/cs\/wp-json\/wp\/v2\/comments?post=25224"}],"version-history":[{"count":2,"href":"https:\/\/www.egeplast.de\/cs\/wp-json\/wp\/v2\/pages\/25224\/revisions"}],"predecessor-version":[{"id":49383,"href":"https:\/\/www.egeplast.de\/cs\/wp-json\/wp\/v2\/pages\/25224\/revisions\/49383"}],"wp:attachment":[{"href":"https:\/\/www.egeplast.de\/cs\/wp-json\/wp\/v2\/media?parent=25224"}],"curies":[{"name":"wp","href":"https:\/\/api.w.org\/{rel}","templated":true}]}}