{"id":24831,"date":"2025-10-14T17:36:57","date_gmt":"2025-10-14T15:36:57","guid":{"rendered":"https:\/\/www.egeplast.de\/projektove-zpravy\/"},"modified":"2026-02-12T10:43:04","modified_gmt":"2026-02-12T09:43:04","slug":"projektove-zpravy","status":"publish","type":"page","link":"https:\/\/www.egeplast.de\/cs\/centrum-stahovani\/projektove-zpravy\/","title":{"rendered":"Projektov\u00e9 zpr\u00e1vy"},"content":{"rendered":"","protected":false},"excerpt":{"rendered":"","protected":false},"author":1,"featured_media":0,"parent":30009,"menu_order":0,"comment_status":"closed","ping_status":"closed","template":"","meta":{"_acf_changed":false,"_seopress_robots_primary_cat":"","_seopress_titles_title":"Projektov\u00e9 zpr\u00e1vy %%sep%% %%sitetitle%%","_seopress_titles_desc":"Objevte projektov\u00e9 zpr\u00e1vy egeplast: \u2713 P\u0159\u00edklady z praxe \u2713 R\u016fzn\u00e9 aplikace \u2713 V\u00fdzvy a \u0159e\u0161en\u00ed \u2713 \u00dasp\u011b\u0161n\u00e9 projekty \u2794 \u010ct\u011bte nyn\u00ed!","_seopress_robots_index":"","_relevanssi_hide_post":"","_relevanssi_hide_content":"","_relevanssi_pin_for_all":"","_relevanssi_pin_keywords":"","_relevanssi_unpin_keywords":"","_relevanssi_related_keywords":"","_relevanssi_related_include_ids":"","_relevanssi_related_exclude_ids":"","_relevanssi_related_no_append":"","_relevanssi_related_not_related":"","_relevanssi_related_posts":"","_relevanssi_noindex_reason":"","footnotes":""},"class_list":["post-24831","page","type-page","status-publish","hentry"],"acf":[],"_links":{"self":[{"href":"https:\/\/www.egeplast.de\/cs\/wp-json\/wp\/v2\/pages\/24831","targetHints":{"allow":["GET"]}}],"collection":[{"href":"https:\/\/www.egeplast.de\/cs\/wp-json\/wp\/v2\/pages"}],"about":[{"href":"https:\/\/www.egeplast.de\/cs\/wp-json\/wp\/v2\/types\/page"}],"author":[{"embeddable":true,"href":"https:\/\/www.egeplast.de\/cs\/wp-json\/wp\/v2\/users\/1"}],"replies":[{"embeddable":true,"href":"https:\/\/www.egeplast.de\/cs\/wp-json\/wp\/v2\/comments?post=24831"}],"version-history":[{"count":1,"href":"https:\/\/www.egeplast.de\/cs\/wp-json\/wp\/v2\/pages\/24831\/revisions"}],"predecessor-version":[{"id":30010,"href":"https:\/\/www.egeplast.de\/cs\/wp-json\/wp\/v2\/pages\/24831\/revisions\/30010"}],"up":[{"embeddable":true,"href":"https:\/\/www.egeplast.de\/cs\/wp-json\/wp\/v2\/pages\/30009"}],"wp:attachment":[{"href":"https:\/\/www.egeplast.de\/cs\/wp-json\/wp\/v2\/media?parent=24831"}],"curies":[{"name":"wp","href":"https:\/\/api.w.org\/{rel}","templated":true}]}}