{"id":24797,"date":"2025-10-15T14:20:24","date_gmt":"2025-10-15T12:20:24","guid":{"rendered":"https:\/\/www.egeplast.de\/kontakt\/"},"modified":"2025-10-15T14:20:24","modified_gmt":"2025-10-15T12:20:24","slug":"kontakt","status":"publish","type":"page","link":"https:\/\/www.egeplast.de\/cs\/kontakt\/","title":{"rendered":"Kontakt"},"content":{"rendered":"","protected":false},"excerpt":{"rendered":"","protected":false},"author":1,"featured_media":0,"parent":0,"menu_order":0,"comment_status":"closed","ping_status":"closed","template":"","meta":{"_acf_changed":false,"_seopress_robots_primary_cat":"","_seopress_titles_title":"Va\u0161e kontaktn\u00ed osoby | Servis a kontakt %%sep%% %%sitetitle%%","_seopress_titles_desc":"egeplast \u2013 potrubn\u00ed syst\u00e9my s budoucnost\u00ed: zde naleznete kontaktn\u00ed osoby a kontaktn\u00ed \u00fadaje pro v\u0161echny potrubn\u00ed syst\u00e9my. Kontaktujte n\u00e1s nyn\u00ed! ","_seopress_robots_index":"","_relevanssi_hide_post":"","_relevanssi_hide_content":"","_relevanssi_pin_for_all":"","_relevanssi_pin_keywords":"","_relevanssi_unpin_keywords":"","_relevanssi_related_keywords":"","_relevanssi_related_include_ids":"","_relevanssi_related_exclude_ids":"","_relevanssi_related_no_append":"","_relevanssi_related_not_related":"","_relevanssi_related_posts":"","_relevanssi_noindex_reason":"","footnotes":""},"class_list":["post-24797","page","type-page","status-publish","hentry"],"acf":[],"_links":{"self":[{"href":"https:\/\/www.egeplast.de\/cs\/wp-json\/wp\/v2\/pages\/24797","targetHints":{"allow":["GET"]}}],"collection":[{"href":"https:\/\/www.egeplast.de\/cs\/wp-json\/wp\/v2\/pages"}],"about":[{"href":"https:\/\/www.egeplast.de\/cs\/wp-json\/wp\/v2\/types\/page"}],"author":[{"embeddable":true,"href":"https:\/\/www.egeplast.de\/cs\/wp-json\/wp\/v2\/users\/1"}],"replies":[{"embeddable":true,"href":"https:\/\/www.egeplast.de\/cs\/wp-json\/wp\/v2\/comments?post=24797"}],"version-history":[{"count":0,"href":"https:\/\/www.egeplast.de\/cs\/wp-json\/wp\/v2\/pages\/24797\/revisions"}],"wp:attachment":[{"href":"https:\/\/www.egeplast.de\/cs\/wp-json\/wp\/v2\/media?parent=24797"}],"curies":[{"name":"wp","href":"https:\/\/api.w.org\/{rel}","templated":true}]}}