{"id":24668,"date":"2025-10-24T16:42:34","date_gmt":"2025-10-24T14:42:34","guid":{"rendered":"https:\/\/www.egeplast.de\/xperteye\/"},"modified":"2026-01-29T14:08:19","modified_gmt":"2026-01-29T13:08:19","slug":"xperteye","status":"publish","type":"page","link":"https:\/\/www.egeplast.de\/cs\/xperteye\/","title":{"rendered":"XpertEye"},"content":{"rendered":"","protected":false},"excerpt":{"rendered":"","protected":false},"author":1,"featured_media":0,"parent":0,"menu_order":0,"comment_status":"closed","ping_status":"closed","template":"","meta":{"_acf_changed":false,"_seopress_robots_primary_cat":"","_seopress_titles_title":"Online podpora staveni\u0161\u0165 Xperteye\u2122 %%sep%% %%sitetitle%%","_seopress_titles_desc":"Rychl\u00e1 digit\u00e1ln\u00ed podpora staveni\u0161\u0165 s Xperteye\u2122 od spole\u010dnosti egeplast. \u2713 \u017div\u00e9 video \u2713 Vzd\u00e1len\u00e1 diagnostika \u2713 Bez aplikace \u2713 Pro potrubn\u00ed syst\u00e9my \u2794 Vy\u017e\u00e1dejte si podporu! ","_seopress_robots_index":"","_relevanssi_hide_post":"","_relevanssi_hide_content":"","_relevanssi_pin_for_all":"","_relevanssi_pin_keywords":"","_relevanssi_unpin_keywords":"","_relevanssi_related_keywords":"","_relevanssi_related_include_ids":"","_relevanssi_related_exclude_ids":"","_relevanssi_related_no_append":"","_relevanssi_related_not_related":"","_relevanssi_related_posts":"","_relevanssi_noindex_reason":"","footnotes":""},"class_list":["post-24668","page","type-page","status-publish","hentry"],"acf":[],"_links":{"self":[{"href":"https:\/\/www.egeplast.de\/cs\/wp-json\/wp\/v2\/pages\/24668","targetHints":{"allow":["GET"]}}],"collection":[{"href":"https:\/\/www.egeplast.de\/cs\/wp-json\/wp\/v2\/pages"}],"about":[{"href":"https:\/\/www.egeplast.de\/cs\/wp-json\/wp\/v2\/types\/page"}],"author":[{"embeddable":true,"href":"https:\/\/www.egeplast.de\/cs\/wp-json\/wp\/v2\/users\/1"}],"replies":[{"embeddable":true,"href":"https:\/\/www.egeplast.de\/cs\/wp-json\/wp\/v2\/comments?post=24668"}],"version-history":[{"count":1,"href":"https:\/\/www.egeplast.de\/cs\/wp-json\/wp\/v2\/pages\/24668\/revisions"}],"predecessor-version":[{"id":36239,"href":"https:\/\/www.egeplast.de\/cs\/wp-json\/wp\/v2\/pages\/24668\/revisions\/36239"}],"wp:attachment":[{"href":"https:\/\/www.egeplast.de\/cs\/wp-json\/wp\/v2\/media?parent=24668"}],"curies":[{"name":"wp","href":"https:\/\/api.w.org\/{rel}","templated":true}]}}